{"id":95,"date":"2014-03-15T10:33:58","date_gmt":"2014-03-15T09:33:58","guid":{"rendered":"http:\/\/kno.farnost.cz\/?page_id=95"},"modified":"2017-03-14T14:09:21","modified_gmt":"2017-03-14T13:09:21","slug":"vyuka-nabozenstvi","status":"publish","type":"page","link":"https:\/\/kno.farnost.cz\/?page_id=95","title":{"rendered":"v\u00fduka n\u00e1bo\u017eenstv\u00ed"},"content":{"rendered":"<p>V\u00fduka n\u00e1bo\u017eenstv\u00ed b\u011bhem \u0161koln\u00edho roku ve farnosti prob\u00edh\u00e1, pro bli\u017e\u0161\u00ed informace kontaktujte kn\u011bze.<\/p>\n","protected":false},"excerpt":{"rendered":"<p>V\u00fduka n\u00e1bo\u017eenstv\u00ed b\u011bhem \u0161koln\u00edho roku ve farnosti prob\u00edh\u00e1, pro bli\u017e\u0161\u00ed informace kontaktujte kn\u011bze.<\/p>\n","protected":false},"author":1,"featured_media":0,"parent":18,"menu_order":0,"comment_status":"closed","ping_status":"open","template":"","meta":{"footnotes":""},"class_list":["post-95","page","type-page","status-publish","hentry"],"_links":{"self":[{"href":"https:\/\/kno.farnost.cz\/index.php?rest_route=\/wp\/v2\/pages\/95","targetHints":{"allow":["GET"]}}],"collection":[{"href":"https:\/\/kno.farnost.cz\/index.php?rest_route=\/wp\/v2\/pages"}],"about":[{"href":"https:\/\/kno.farnost.cz\/index.php?rest_route=\/wp\/v2\/types\/page"}],"author":[{"embeddable":true,"href":"https:\/\/kno.farnost.cz\/index.php?rest_route=\/wp\/v2\/users\/1"}],"replies":[{"embeddable":true,"href":"https:\/\/kno.farnost.cz\/index.php?rest_route=%2Fwp%2Fv2%2Fcomments&post=95"}],"version-history":[{"count":0,"href":"https:\/\/kno.farnost.cz\/index.php?rest_route=\/wp\/v2\/pages\/95\/revisions"}],"up":[{"embeddable":true,"href":"https:\/\/kno.farnost.cz\/index.php?rest_route=\/wp\/v2\/pages\/18"}],"wp:attachment":[{"href":"https:\/\/kno.farnost.cz\/index.php?rest_route=%2Fwp%2Fv2%2Fmedia&parent=95"}],"curies":[{"name":"wp","href":"https:\/\/api.w.org\/{rel}","templated":true}]}}