{"id":803,"date":"2017-11-27T17:35:48","date_gmt":"2017-11-27T16:35:48","guid":{"rendered":"http:\/\/kno.farnost.cz\/?page_id=803"},"modified":"2017-11-27T17:40:13","modified_gmt":"2017-11-27T16:40:13","slug":"svatost-smireni","status":"publish","type":"page","link":"https:\/\/kno.farnost.cz\/?page_id=803","title":{"rendered":"sv\u00e1tost sm\u00ed\u0159en\u00ed"},"content":{"rendered":"<p>P\u0159\u00edle\u017eitost ke sv. sm\u00ed\u0159en\u00ed je v\u017edy p\u0159ed nebo po bohoslu\u017eb\u00e1ch.<\/p>\n<ul>\n<li>V Kostelci na prvn\u00ed p\u00e1tek v\u00a0m\u011bs\u00edci v letn\u00edm obdob\u00ed od 16.30 h a v zimn\u00edm obdob\u00ed od 15.30 h.<\/li>\n<li>Ve Chlenech na\u00a0prvn\u00ed \u010dtvrtek v m\u011bs\u00edci v letn\u00edm obdob\u00ed od 16.15 h a v zimn\u00edm obdob\u00ed od 15:15 h.<\/li>\n<\/ul>\n","protected":false},"excerpt":{"rendered":"<p>P\u0159\u00edle\u017eitost ke sv. sm\u00ed\u0159en\u00ed je v\u017edy p\u0159ed nebo po bohoslu\u017eb\u00e1ch. V Kostelci na prvn\u00ed p\u00e1tek v\u00a0m\u011bs\u00edci v letn\u00edm obdob\u00ed od 16.30 h a v zimn\u00edm obdob\u00ed od 15.30 h. Ve Chlenech na\u00a0prvn\u00ed \u010dtvrtek v m\u011bs\u00edci v letn\u00edm obdob\u00ed od 16.15 h a v zimn\u00edm obdob\u00ed od 15:15 h.<\/p>\n","protected":false},"author":1,"featured_media":0,"parent":18,"menu_order":0,"comment_status":"closed","ping_status":"closed","template":"","meta":{"footnotes":""},"class_list":["post-803","page","type-page","status-publish","hentry"],"_links":{"self":[{"href":"https:\/\/kno.farnost.cz\/index.php?rest_route=\/wp\/v2\/pages\/803","targetHints":{"allow":["GET"]}}],"collection":[{"href":"https:\/\/kno.farnost.cz\/index.php?rest_route=\/wp\/v2\/pages"}],"about":[{"href":"https:\/\/kno.farnost.cz\/index.php?rest_route=\/wp\/v2\/types\/page"}],"author":[{"embeddable":true,"href":"https:\/\/kno.farnost.cz\/index.php?rest_route=\/wp\/v2\/users\/1"}],"replies":[{"embeddable":true,"href":"https:\/\/kno.farnost.cz\/index.php?rest_route=%2Fwp%2Fv2%2Fcomments&post=803"}],"version-history":[{"count":0,"href":"https:\/\/kno.farnost.cz\/index.php?rest_route=\/wp\/v2\/pages\/803\/revisions"}],"up":[{"embeddable":true,"href":"https:\/\/kno.farnost.cz\/index.php?rest_route=\/wp\/v2\/pages\/18"}],"wp:attachment":[{"href":"https:\/\/kno.farnost.cz\/index.php?rest_route=%2Fwp%2Fv2%2Fmedia&parent=803"}],"curies":[{"name":"wp","href":"https:\/\/api.w.org\/{rel}","templated":true}]}}