{"id":687,"date":"2017-08-10T10:38:38","date_gmt":"2017-08-10T09:38:38","guid":{"rendered":"http:\/\/kno.farnost.cz\/?page_id=687"},"modified":"2026-04-08T16:56:12","modified_gmt":"2026-04-08T14:56:12","slug":"bohosluzby-ohlasky","status":"publish","type":"page","link":"https:\/\/kno.farnost.cz\/?page_id=687","title":{"rendered":"Bohoslu\u017eby"},"content":{"rendered":"<h4><strong>Z d\u016fvodu dlouhodob\u00e9 nemoci administr\u00e1tora farnosti nejsou n\u00ed\u017ee uveden\u00e9 informace aktu\u00e1ln\u00ed. Po\u0159ady bohoslu\u017eeb sledujte na hlavn\u00ed stran\u011b webu.<\/strong><\/h4>\n<p><strong>D\u011bkansk\u00fd kostel sv. Ji\u0159\u00ed<\/strong><\/p>\n<table width=\"463\">\n<tbody>\n<tr>\n<td width=\"41\"><\/td>\n<td width=\"207\"><strong>Letn\u00ed \u010das<\/strong> (duben &#8211; \u0159\u00edjen)<\/td>\n<td width=\"215\"><strong>Zimn\u00ed \u010das <\/strong>(listopad &#8211; b\u0159ezen)<\/td>\n<\/tr>\n<tr>\n<td><strong> NE<\/strong><\/td>\n<td><strong>09.45 h<\/strong><\/td>\n<td><strong>09.45 h<\/strong><\/td>\n<\/tr>\n<tr>\n<td><strong> \u00daT<\/strong><\/td>\n<td><strong>18.00 h<\/strong><\/td>\n<td><strong>17.00 h<\/strong> kaple na d\u011bkanstv\u00ed<\/td>\n<\/tr>\n<tr>\n<td><strong> ST<\/strong><\/td>\n<td><strong>08.00 h<\/strong><\/td>\n<td><strong>08.00 h<\/strong> kaple na d\u011bkanstv\u00ed<\/td>\n<\/tr>\n<tr>\n<td><strong> \u010cT<\/strong><\/td>\n<td><strong>18.00 h<\/strong> (2. a 4. \u010dtvrtek v m\u011bs\u00edci)<\/td>\n<td><strong>17.00 h<\/strong> (2. a 4. \u010dt v m\u011bs\u00edci), kaple<\/td>\n<\/tr>\n<tr>\n<td><strong> P\u00c1<\/strong><\/td>\n<td><strong>18.00 h<\/strong><\/td>\n<td><strong>17.00 h<\/strong> kaple na d\u011bkanstv\u00ed<\/td>\n<\/tr>\n<tr>\n<td><strong> SO<\/strong><\/td>\n<td><strong>08.00 h<\/strong><\/td>\n<td><strong>08.00 h<\/strong> kaple na d\u011bkanstv\u00ed<\/td>\n<\/tr>\n<\/tbody>\n<\/table>\n<p><strong>Fili\u00e1ln\u00ed kostel sv. Apolin\u00e1\u0159e ve Chlenech<\/strong><\/p>\n<table width=\"463\">\n<tbody>\n<tr>\n<td width=\"41\"><\/td>\n<td width=\"207\"><strong>Letn\u00ed \u010das<\/strong> (duben &#8211; \u0159\u00edjen)<\/td>\n<td width=\"215\"><strong>Zimn\u00ed \u010das<\/strong> (listopad &#8211; b\u0159ezen)<\/td>\n<\/tr>\n<tr>\n<td><strong>NE <\/strong><\/td>\n<td><strong>08.00 h<\/strong><\/td>\n<td><strong>08.00 h<\/strong><\/td>\n<\/tr>\n<tr>\n<td><strong>\u010cT<\/strong><\/td>\n<td><strong>17.00 h <\/strong>(1. a 3. \u010dtvrtek v m\u011bs\u00edci)<\/td>\n<td><strong>16.00 h <\/strong>(1. a 3. \u010dtvrtek v m\u011bs\u00edci)<\/td>\n<\/tr>\n<\/tbody>\n<\/table>\n<p><b>Poutn\u00ed kostel Panny Marie Bolestn\u00e9 na Homoli <\/b>(obec Borovnice, resp. Lhoty u Pot\u0161tejna)<\/p>\n<table width=\"463\">\n<tbody>\n<tr>\n<td width=\"41\"><\/td>\n<td width=\"207\"><strong>Letn\u00ed \u010das<\/strong> (duben &#8211; \u0159\u00edjen)<\/td>\n<td width=\"215\"><strong>Zimn\u00ed \u010das<\/strong> (listopad &#8211; b\u0159ezen)<\/td>\n<\/tr>\n<tr>\n<td><strong>NE <\/strong><\/td>\n<td><strong>14.30 h <\/strong>(2. a 4. ned\u011ble v m\u011bs\u00edci)<\/td>\n<td><strong>14.30 h <\/strong>(2. a 4. ned\u011ble v m\u011bs\u00edci)<\/td>\n<\/tr>\n<\/tbody>\n<\/table>\n<p>M\u0161e svat\u00e9 se zde slav\u00ed od slavnosti Zmrtv\u00fdchvst\u00e1n\u00ed P\u00e1n\u011b do 25. 12. v\u017edy ka\u017edou druhou a \u010dtvrtou ned\u011bli v m\u011bs\u00edci ve 14:30. V zimn\u00edm obdob\u00ed si kon\u00e1n\u00ed bohoslu\u017eeb ov\u011b\u0159te na adrese duchovn\u00ed spr\u00e1vy. P\u0159i pravideln\u00fdch pout\u00edch jsou m\u0161e svat\u00e9 slaveny v 8:00, 10:00 a ve 14:00.<\/p>\n<ul>\n<li>Velikono\u010dn\u00ed pou\u0165 je 4. ned\u011bli velikono\u010dn\u00ed (t\u0159et\u00ed ned\u011ble po ned\u011bli Zmrtv\u00fdchvst\u00e1n\u00ed P\u00e1n\u011b).<\/li>\n<li>Pou\u0165 k Pann\u011b Marii Bolestn\u00e9 p\u0159ipad\u00e1 na ned\u011bli po 15. z\u00e1\u0159\u00ed.<\/li>\n<\/ul>\n<p><b>H\u0159bitovn\u00ed kostel sv. Anny<\/b><\/p>\n<p>Farn\u00ed m\u0161e svat\u00e9 se zde slav\u00ed pouze 2. listopadu. Mimo tyto dny jsou zde slou\u017eeny bohoslu\u017eby v r\u00e1mci c\u00edrkevn\u00edho poh\u0159bu, p\u0159i kter\u00e9m je zesnul\u00fd ulo\u017een na m\u00edstn\u00edm h\u0159bitov\u011b. Ostatn\u00ed poh\u0159by jsou vypravov\u00e1ny z kostela sv. Ji\u0159\u00ed.<\/p>\n<p>Bohoslu\u017eby v okol\u00ed lze vyhledat na port\u00e1lu \u010cBK <a href=\"https:\/\/bohosluzby.cirkev.cz\/\">bohosluzby.cirkev.cz<\/a><\/p>\n","protected":false},"excerpt":{"rendered":"<p>Z d\u016fvodu dlouhodob\u00e9 nemoci administr\u00e1tora farnosti nejsou n\u00ed\u017ee uveden\u00e9 informace aktu\u00e1ln\u00ed. Po\u0159ady bohoslu\u017eeb sledujte na hlavn\u00ed stran\u011b webu. D\u011bkansk\u00fd kostel sv. Ji\u0159\u00ed Letn\u00ed \u010das (duben &#8211; \u0159\u00edjen) Zimn\u00ed \u010das (listopad &#8211; b\u0159ezen) NE 09.45 h 09.45 h \u00daT 18.00 h 17.00 h kaple na d\u011bkanstv\u00ed ST 08.00 h 08.00 h kaple na d\u011bkanstv\u00ed \u010cT 18.00 &hellip; <a href=\"https:\/\/kno.farnost.cz\/?page_id=687\" class=\"more-link\">Pokra\u010dov\u00e1n\u00ed textu <span class=\"screen-reader-text\">Bohoslu\u017eby<\/span> <span class=\"meta-nav\">&rarr;<\/span><\/a><\/p>\n","protected":false},"author":1,"featured_media":0,"parent":0,"menu_order":0,"comment_status":"closed","ping_status":"closed","template":"","meta":{"footnotes":""},"class_list":["post-687","page","type-page","status-publish","hentry"],"_links":{"self":[{"href":"https:\/\/kno.farnost.cz\/index.php?rest_route=\/wp\/v2\/pages\/687","targetHints":{"allow":["GET"]}}],"collection":[{"href":"https:\/\/kno.farnost.cz\/index.php?rest_route=\/wp\/v2\/pages"}],"about":[{"href":"https:\/\/kno.farnost.cz\/index.php?rest_route=\/wp\/v2\/types\/page"}],"author":[{"embeddable":true,"href":"https:\/\/kno.farnost.cz\/index.php?rest_route=\/wp\/v2\/users\/1"}],"replies":[{"embeddable":true,"href":"https:\/\/kno.farnost.cz\/index.php?rest_route=%2Fwp%2Fv2%2Fcomments&post=687"}],"version-history":[{"count":5,"href":"https:\/\/kno.farnost.cz\/index.php?rest_route=\/wp\/v2\/pages\/687\/revisions"}],"predecessor-version":[{"id":3164,"href":"https:\/\/kno.farnost.cz\/index.php?rest_route=\/wp\/v2\/pages\/687\/revisions\/3164"}],"wp:attachment":[{"href":"https:\/\/kno.farnost.cz\/index.php?rest_route=%2Fwp%2Fv2%2Fmedia&parent=687"}],"curies":[{"name":"wp","href":"https:\/\/api.w.org\/{rel}","templated":true}]}}