{"id":18,"date":"2014-03-13T14:28:04","date_gmt":"2014-03-13T13:28:04","guid":{"rendered":"http:\/\/kno.farnost.cz\/?page_id=18"},"modified":"2017-11-12T20:27:40","modified_gmt":"2017-11-12T19:27:40","slug":"farnost","status":"publish","type":"page","link":"https:\/\/kno.farnost.cz\/?page_id=18","title":{"rendered":"farnost"},"content":{"rendered":"<p>&#8211; <a title=\"fotografie\" href=\"http:\/\/kno.farnost.cz\/?page_id=34\">fotogalerie<\/a><br \/>\n&#8211; <a title=\"kniha intenc\u00ed\" href=\"http:\/\/kno.farnost.cz\/?page_id=337\">kniha intenc\u00ed<\/a><br \/>\n&#8211; <a title=\"rada ekonomick\u00e1\" href=\"http:\/\/kno.farnost.cz\/?page_id=102\">rada ekonomick\u00e1<\/a><br \/>\n&#8211; <a title=\"rada pastora\u010dn\u00ed\" href=\"http:\/\/kno.farnost.cz\/?page_id=104\">rada pastora\u010dn\u00ed<\/a><br \/>\n&#8211; <a title=\"Svatoji\u0159sk\u00e9 listy\" href=\"http:\/\/kno.farnost.cz\/?page_id=56\">svatoji\u0159sk\u00e9 listy<\/a><br \/>\n&#8211; <a title=\"v\u00fduka n\u00e1bo\u017eenstv\u00ed\" href=\"http:\/\/kno.farnost.cz\/?page_id=95\">v\u00fduka n\u00e1bo\u017eenstv\u00ed<\/a><\/p>\n","protected":false},"excerpt":{"rendered":"<p>&#8211; fotogalerie &#8211; kniha intenc\u00ed &#8211; rada ekonomick\u00e1 &#8211; rada pastora\u010dn\u00ed &#8211; svatoji\u0159sk\u00e9 listy &#8211; v\u00fduka n\u00e1bo\u017eenstv\u00ed<\/p>\n","protected":false},"author":1,"featured_media":0,"parent":0,"menu_order":0,"comment_status":"closed","ping_status":"closed","template":"","meta":{"footnotes":""},"class_list":["post-18","page","type-page","status-publish","hentry"],"_links":{"self":[{"href":"https:\/\/kno.farnost.cz\/index.php?rest_route=\/wp\/v2\/pages\/18","targetHints":{"allow":["GET"]}}],"collection":[{"href":"https:\/\/kno.farnost.cz\/index.php?rest_route=\/wp\/v2\/pages"}],"about":[{"href":"https:\/\/kno.farnost.cz\/index.php?rest_route=\/wp\/v2\/types\/page"}],"author":[{"embeddable":true,"href":"https:\/\/kno.farnost.cz\/index.php?rest_route=\/wp\/v2\/users\/1"}],"replies":[{"embeddable":true,"href":"https:\/\/kno.farnost.cz\/index.php?rest_route=%2Fwp%2Fv2%2Fcomments&post=18"}],"version-history":[{"count":0,"href":"https:\/\/kno.farnost.cz\/index.php?rest_route=\/wp\/v2\/pages\/18\/revisions"}],"wp:attachment":[{"href":"https:\/\/kno.farnost.cz\/index.php?rest_route=%2Fwp%2Fv2%2Fmedia&parent=18"}],"curies":[{"name":"wp","href":"https:\/\/api.w.org\/{rel}","templated":true}]}}