{"id":102,"date":"2014-03-15T10:42:49","date_gmt":"2014-03-15T09:42:49","guid":{"rendered":"http:\/\/kno.farnost.cz\/?page_id=102"},"modified":"2014-04-18T10:32:41","modified_gmt":"2014-04-18T09:32:41","slug":"rada-ekonomicka","status":"publish","type":"page","link":"https:\/\/kno.farnost.cz\/?page_id=102","title":{"rendered":"rada ekonomick\u00e1"},"content":{"rendered":"<p>Ekonomick\u00e1 rada, je pomocn\u00fd a poradn\u00ed org\u00e1n duchovn\u00edho spr\u00e1vce. Jej\u00edm \u00fakolem je napom\u00e1hat tomu, aby majetek farnosti byl spravov\u00e1n s p\u00e9\u010d\u00ed \u0159\u00e1dn\u00e9ho hospod\u00e1\u0159e.<\/p>\n","protected":false},"excerpt":{"rendered":"<p>Ekonomick\u00e1 rada, je pomocn\u00fd a poradn\u00ed org\u00e1n duchovn\u00edho spr\u00e1vce. Jej\u00edm \u00fakolem je napom\u00e1hat tomu, aby majetek farnosti byl spravov\u00e1n s p\u00e9\u010d\u00ed \u0159\u00e1dn\u00e9ho hospod\u00e1\u0159e.<\/p>\n","protected":false},"author":1,"featured_media":0,"parent":18,"menu_order":0,"comment_status":"closed","ping_status":"closed","template":"","meta":{"footnotes":""},"class_list":["post-102","page","type-page","status-publish","hentry"],"_links":{"self":[{"href":"https:\/\/kno.farnost.cz\/index.php?rest_route=\/wp\/v2\/pages\/102","targetHints":{"allow":["GET"]}}],"collection":[{"href":"https:\/\/kno.farnost.cz\/index.php?rest_route=\/wp\/v2\/pages"}],"about":[{"href":"https:\/\/kno.farnost.cz\/index.php?rest_route=\/wp\/v2\/types\/page"}],"author":[{"embeddable":true,"href":"https:\/\/kno.farnost.cz\/index.php?rest_route=\/wp\/v2\/users\/1"}],"replies":[{"embeddable":true,"href":"https:\/\/kno.farnost.cz\/index.php?rest_route=%2Fwp%2Fv2%2Fcomments&post=102"}],"version-history":[{"count":0,"href":"https:\/\/kno.farnost.cz\/index.php?rest_route=\/wp\/v2\/pages\/102\/revisions"}],"up":[{"embeddable":true,"href":"https:\/\/kno.farnost.cz\/index.php?rest_route=\/wp\/v2\/pages\/18"}],"wp:attachment":[{"href":"https:\/\/kno.farnost.cz\/index.php?rest_route=%2Fwp%2Fv2%2Fmedia&parent=102"}],"curies":[{"name":"wp","href":"https:\/\/api.w.org\/{rel}","templated":true}]}}